{"id":2342,"date":"2024-09-15T19:37:01","date_gmt":"2024-09-15T19:37:01","guid":{"rendered":"https:\/\/www.statekjirice.cz\/?page_id=2342"},"modified":"2025-05-19T13:47:07","modified_gmt":"2025-05-19T13:47:07","slug":"ladonka-z-s","status":"publish","type":"page","link":"https:\/\/www.statekjirice.cz\/index.php\/ladonka-z-s\/","title":{"rendered":"Lado\u0148ka z. s."},"content":{"rendered":"\n<div class=\"wp-block-media-text alignwide is-stacked-on-mobile\" style=\"grid-template-columns:25% auto\"><figure class=\"wp-block-media-text__media\"><img loading=\"lazy\" decoding=\"async\" width=\"313\" height=\"296\" src=\"https:\/\/www.statekjirice.cz\/wp-content\/uploads\/2024\/09\/Ladonka_logo.png\" alt=\"\" class=\"wp-image-2347 size-full\" srcset=\"https:\/\/www.statekjirice.cz\/wp-content\/uploads\/2024\/09\/Ladonka_logo.png 313w, https:\/\/www.statekjirice.cz\/wp-content\/uploads\/2024\/09\/Ladonka_logo-300x284.png 300w\" sizes=\"auto, (max-width: 313px) 100vw, 313px\" \/><\/figure><div class=\"wp-block-media-text__content\">\n<p><\/p>\n\n\n\n<p class=\"has-normal-font-size\">N\u00e1zev: LADO\u0147KA z. s. (d\u00e1le jen spolek)<br>S\u00eddlo: Ji\u0159ice 18, 289 22 Ji\u0159ice<br>I\u010c: 05561795<br>Pr\u00e1vn\u00ed forma: spolek<br>P\u0159edseda: Mgr. Stanislava Dav\u00eddkov\u00e1<br>Mail: ladonka@statekjirice.cz<br>Fcb: Rodinn\u00fd statek Ji\u0159ice<br>Webov\u00e9 str\u00e1nky: www.statekjirice.cz<\/p>\n<\/div><\/div>\n\n\n\n<div style=\"height:100px\" aria-hidden=\"true\" class=\"wp-block-spacer\"><\/div>\n\n\n\n<div class=\"wp-block-file\"><a href=\"https:\/\/www.statekjirice.cz\/wp-content\/uploads\/2024\/09\/VYROCNI_ZPRAVA_2023_Lado\u0148ka.pdf\">V\u00fdro\u010dn\u00ed zpr\u00e1va spolku Lado\u0148ka z. s. za rok 2023<\/a><a href=\"https:\/\/www.statekjirice.cz\/wp-content\/uploads\/2024\/09\/VYROCNI_ZPRAVA_2023_Lado\u0148ka.pdf\" class=\"wp-block-file__button wp-element-button\" download>St\u00e1hnout<\/a><\/div>\n\n\n\n<div class=\"wp-block-file\"><a href=\"https:\/\/www.statekjirice.cz\/wp-content\/uploads\/2024\/09\/vypis-954002-3.pdf\">V\u00fdpis z evidence &#8211; spolek Lado\u0148ka z. s.<\/a><a href=\"https:\/\/www.statekjirice.cz\/wp-content\/uploads\/2024\/09\/vypis-954002-3.pdf\" class=\"wp-block-file__button wp-element-button\" download>St\u00e1hnout<\/a><\/div>\n\n\n\n<div class=\"wp-block-file\"><a href=\"https:\/\/www.statekjirice.cz\/wp-content\/uploads\/2024\/09\/stanovy_zmena_sidla_spolku_ladonka_2020-3-5.pdf\">Stanovy spolku Lado\u0148ka z. s.<\/a><a href=\"https:\/\/www.statekjirice.cz\/wp-content\/uploads\/2024\/09\/stanovy_zmena_sidla_spolku_ladonka_2020-3-5.pdf\" class=\"wp-block-file__button wp-element-button\" download>St\u00e1hnout<\/a><\/div>\n\n\n\n<div style=\"height:100px\" aria-hidden=\"true\" class=\"wp-block-spacer\"><\/div>\n\n\n\n<div class=\"wp-block-group\"><div class=\"wp-block-group__inner-container is-layout-flow wp-block-group-is-layout-flow\">\n<p>Fotografie z na\u0161ich akc\u00ed<\/p>\n<\/div><\/div>\n\n\n\nngg_shortcode_0_placeholder\n","protected":false},"excerpt":{"rendered":"<p>N\u00e1zev: LADO\u0147KA z. s. (d\u00e1le jen spolek)S\u00eddlo: Ji\u0159ice 18, 289 22 Ji\u0159iceI\u010c: 05561795Pr\u00e1vn\u00ed forma: spolekP\u0159edseda: Mgr. Stanislava Dav\u00eddkov\u00e1Mail: ladonka@statekjirice.czFcb: Rodinn\u00fd statek Ji\u0159iceWebov\u00e9 str\u00e1nky: www.statekjirice.cz Fotografie z na\u0161ich akc\u00ed<\/p>\n","protected":false},"author":1,"featured_media":1499,"parent":0,"menu_order":0,"comment_status":"closed","ping_status":"closed","template":"","meta":{"ngg_post_thumbnail":0,"footnotes":""},"class_list":["post-2342","page","type-page","status-publish","has-post-thumbnail","hentry"],"_links":{"self":[{"href":"https:\/\/www.statekjirice.cz\/index.php\/wp-json\/wp\/v2\/pages\/2342","targetHints":{"allow":["GET"]}}],"collection":[{"href":"https:\/\/www.statekjirice.cz\/index.php\/wp-json\/wp\/v2\/pages"}],"about":[{"href":"https:\/\/www.statekjirice.cz\/index.php\/wp-json\/wp\/v2\/types\/page"}],"author":[{"embeddable":true,"href":"https:\/\/www.statekjirice.cz\/index.php\/wp-json\/wp\/v2\/users\/1"}],"replies":[{"embeddable":true,"href":"https:\/\/www.statekjirice.cz\/index.php\/wp-json\/wp\/v2\/comments?post=2342"}],"version-history":[{"count":7,"href":"https:\/\/www.statekjirice.cz\/index.php\/wp-json\/wp\/v2\/pages\/2342\/revisions"}],"predecessor-version":[{"id":2974,"href":"https:\/\/www.statekjirice.cz\/index.php\/wp-json\/wp\/v2\/pages\/2342\/revisions\/2974"}],"wp:featuredmedia":[{"embeddable":true,"href":"https:\/\/www.statekjirice.cz\/index.php\/wp-json\/wp\/v2\/media\/1499"}],"wp:attachment":[{"href":"https:\/\/www.statekjirice.cz\/index.php\/wp-json\/wp\/v2\/media?parent=2342"}],"curies":[{"name":"wp","href":"https:\/\/api.w.org\/{rel}","templated":true}]}}