{"id":3195,"date":"2025-07-25T15:05:30","date_gmt":"2025-07-25T15:05:30","guid":{"rendered":"https:\/\/www.statekjirice.cz\/?page_id=3195"},"modified":"2026-03-04T13:20:08","modified_gmt":"2026-03-04T13:20:08","slug":"remeslny-primestsky-tabor-4-8-8","status":"publish","type":"page","link":"https:\/\/www.statekjirice.cz\/index.php\/remeslny-primestsky-tabor-4-8-8\/","title":{"rendered":"\u0158emesln\u00fd p\u0159\u00edm\u011bstsk\u00fd t\u00e1bor 2025"},"content":{"rendered":"\n<div class=\"wp-block-file\"><a id=\"wp-block-file--media-c98687f3-b69a-4c25-bd26-998e08e64498\" href=\"https:\/\/www.statekjirice.cz\/wp-content\/uploads\/2025\/07\/Prihlaska-Prazdniny-v-jurte.docx\">P\u0159ihl\u00e1\u0161ka &#8211; Pr\u00e1zdniny v jurt\u011b<\/a><a href=\"https:\/\/www.statekjirice.cz\/wp-content\/uploads\/2025\/07\/Prihlaska-Prazdniny-v-jurte.docx\" class=\"wp-block-file__button wp-element-button\" download aria-describedby=\"wp-block-file--media-c98687f3-b69a-4c25-bd26-998e08e64498\">St\u00e1hnout<\/a><\/div>\n\n\n\n<figure class=\"wp-block-image size-large\"><img loading=\"lazy\" decoding=\"async\" width=\"724\" height=\"1024\" src=\"https:\/\/www.statekjirice.cz\/wp-content\/uploads\/2025\/07\/Prazdniny-v-jurte-2-724x1024.jpg\" alt=\"\" class=\"wp-image-3196\" srcset=\"https:\/\/www.statekjirice.cz\/wp-content\/uploads\/2025\/07\/Prazdniny-v-jurte-2-724x1024.jpg 724w, https:\/\/www.statekjirice.cz\/wp-content\/uploads\/2025\/07\/Prazdniny-v-jurte-2-212x300.jpg 212w, https:\/\/www.statekjirice.cz\/wp-content\/uploads\/2025\/07\/Prazdniny-v-jurte-2-768x1086.jpg 768w, https:\/\/www.statekjirice.cz\/wp-content\/uploads\/2025\/07\/Prazdniny-v-jurte-2-1086x1536.jpg 1086w, https:\/\/www.statekjirice.cz\/wp-content\/uploads\/2025\/07\/Prazdniny-v-jurte-2-1448x2048.jpg 1448w, https:\/\/www.statekjirice.cz\/wp-content\/uploads\/2025\/07\/Prazdniny-v-jurte-2.jpg 1587w\" sizes=\"auto, (max-width: 724px) 100vw, 724px\" \/><\/figure>\n","protected":false},"excerpt":{"rendered":"","protected":false},"author":3,"featured_media":3092,"parent":0,"menu_order":0,"comment_status":"closed","ping_status":"closed","template":"","meta":{"ngg_post_thumbnail":0,"footnotes":""},"class_list":["post-3195","page","type-page","status-publish","has-post-thumbnail","hentry"],"_links":{"self":[{"href":"https:\/\/www.statekjirice.cz\/index.php\/wp-json\/wp\/v2\/pages\/3195","targetHints":{"allow":["GET"]}}],"collection":[{"href":"https:\/\/www.statekjirice.cz\/index.php\/wp-json\/wp\/v2\/pages"}],"about":[{"href":"https:\/\/www.statekjirice.cz\/index.php\/wp-json\/wp\/v2\/types\/page"}],"author":[{"embeddable":true,"href":"https:\/\/www.statekjirice.cz\/index.php\/wp-json\/wp\/v2\/users\/3"}],"replies":[{"embeddable":true,"href":"https:\/\/www.statekjirice.cz\/index.php\/wp-json\/wp\/v2\/comments?post=3195"}],"version-history":[{"count":2,"href":"https:\/\/www.statekjirice.cz\/index.php\/wp-json\/wp\/v2\/pages\/3195\/revisions"}],"predecessor-version":[{"id":3837,"href":"https:\/\/www.statekjirice.cz\/index.php\/wp-json\/wp\/v2\/pages\/3195\/revisions\/3837"}],"wp:featuredmedia":[{"embeddable":true,"href":"https:\/\/www.statekjirice.cz\/index.php\/wp-json\/wp\/v2\/media\/3092"}],"wp:attachment":[{"href":"https:\/\/www.statekjirice.cz\/index.php\/wp-json\/wp\/v2\/media?parent=3195"}],"curies":[{"name":"wp","href":"https:\/\/api.w.org\/{rel}","templated":true}]}}