{"id":3789,"date":"2026-03-03T13:51:40","date_gmt":"2026-03-03T13:51:40","guid":{"rendered":"https:\/\/www.statekjirice.cz\/?page_id=3789"},"modified":"2026-03-03T14:16:28","modified_gmt":"2026-03-03T14:16:28","slug":"hudebni-primestsky-tabor-2026","status":"publish","type":"page","link":"https:\/\/www.statekjirice.cz\/index.php\/hudebni-primestsky-tabor-2026\/","title":{"rendered":"Hudebn\u00ed p\u0159\u00edm\u011bstsk\u00fd t\u00e1bor 2026"},"content":{"rendered":"\n<div class=\"wp-block-file\"><a id=\"wp-block-file--media-c7d2f60f-fa5c-49bf-9ddc-8e2fe4a85ac5\" href=\"https:\/\/www.statekjirice.cz\/wp-content\/uploads\/2026\/03\/PT-vzor-prihlasky-hudebni-2026.docx\">P\u0159ihl\u00e1\u0161ka &#8211; Hudebn\u00ed t\u00e1bor 2026<\/a><a href=\"https:\/\/www.statekjirice.cz\/wp-content\/uploads\/2026\/03\/PT-vzor-prihlasky-hudebni-2026.docx\" class=\"wp-block-file__button wp-element-button\" download aria-describedby=\"wp-block-file--media-c7d2f60f-fa5c-49bf-9ddc-8e2fe4a85ac5\">St\u00e1hnout<\/a><\/div>\n\n\n\n<figure class=\"wp-block-image size-large\"><img loading=\"lazy\" decoding=\"async\" width=\"1024\" height=\"724\" src=\"https:\/\/www.statekjirice.cz\/wp-content\/uploads\/2026\/03\/TERMIN-9.-listopadu-2025-CAS-od-8.-30-do-13.30-hodin-MISTO-Statek-v-Jiricich-c.p.-18-CENA-200-korun-za-material-10-1-1024x724.png\" alt=\"\" class=\"wp-image-3790\" srcset=\"https:\/\/www.statekjirice.cz\/wp-content\/uploads\/2026\/03\/TERMIN-9.-listopadu-2025-CAS-od-8.-30-do-13.30-hodin-MISTO-Statek-v-Jiricich-c.p.-18-CENA-200-korun-za-material-10-1-1024x724.png 1024w, https:\/\/www.statekjirice.cz\/wp-content\/uploads\/2026\/03\/TERMIN-9.-listopadu-2025-CAS-od-8.-30-do-13.30-hodin-MISTO-Statek-v-Jiricich-c.p.-18-CENA-200-korun-za-material-10-1-300x212.png 300w, https:\/\/www.statekjirice.cz\/wp-content\/uploads\/2026\/03\/TERMIN-9.-listopadu-2025-CAS-od-8.-30-do-13.30-hodin-MISTO-Statek-v-Jiricich-c.p.-18-CENA-200-korun-za-material-10-1-768x543.png 768w, https:\/\/www.statekjirice.cz\/wp-content\/uploads\/2026\/03\/TERMIN-9.-listopadu-2025-CAS-od-8.-30-do-13.30-hodin-MISTO-Statek-v-Jiricich-c.p.-18-CENA-200-korun-za-material-10-1-1536x1086.png 1536w, https:\/\/www.statekjirice.cz\/wp-content\/uploads\/2026\/03\/TERMIN-9.-listopadu-2025-CAS-od-8.-30-do-13.30-hodin-MISTO-Statek-v-Jiricich-c.p.-18-CENA-200-korun-za-material-10-1-2048x1448.png 2048w\" sizes=\"auto, (max-width: 1024px) 100vw, 1024px\" \/><\/figure>\n","protected":false},"excerpt":{"rendered":"","protected":false},"author":3,"featured_media":3783,"parent":0,"menu_order":0,"comment_status":"closed","ping_status":"closed","template":"","meta":{"ngg_post_thumbnail":0,"footnotes":""},"class_list":["post-3789","page","type-page","status-publish","has-post-thumbnail","hentry"],"_links":{"self":[{"href":"https:\/\/www.statekjirice.cz\/index.php\/wp-json\/wp\/v2\/pages\/3789","targetHints":{"allow":["GET"]}}],"collection":[{"href":"https:\/\/www.statekjirice.cz\/index.php\/wp-json\/wp\/v2\/pages"}],"about":[{"href":"https:\/\/www.statekjirice.cz\/index.php\/wp-json\/wp\/v2\/types\/page"}],"author":[{"embeddable":true,"href":"https:\/\/www.statekjirice.cz\/index.php\/wp-json\/wp\/v2\/users\/3"}],"replies":[{"embeddable":true,"href":"https:\/\/www.statekjirice.cz\/index.php\/wp-json\/wp\/v2\/comments?post=3789"}],"version-history":[{"count":2,"href":"https:\/\/www.statekjirice.cz\/index.php\/wp-json\/wp\/v2\/pages\/3789\/revisions"}],"predecessor-version":[{"id":3810,"href":"https:\/\/www.statekjirice.cz\/index.php\/wp-json\/wp\/v2\/pages\/3789\/revisions\/3810"}],"wp:featuredmedia":[{"embeddable":true,"href":"https:\/\/www.statekjirice.cz\/index.php\/wp-json\/wp\/v2\/media\/3783"}],"wp:attachment":[{"href":"https:\/\/www.statekjirice.cz\/index.php\/wp-json\/wp\/v2\/media?parent=3789"}],"curies":[{"name":"wp","href":"https:\/\/api.w.org\/{rel}","templated":true}]}}