{"id":58,"date":"2018-07-21T08:44:09","date_gmt":"2018-07-21T08:44:09","guid":{"rendered":"http:\/\/www.statekjirice.cz\/?page_id=58"},"modified":"2025-05-19T14:03:01","modified_gmt":"2025-05-19T14:03:01","slug":"programy-pro-ms","status":"publish","type":"page","link":"https:\/\/www.statekjirice.cz\/index.php\/programy-pro-ms\/","title":{"rendered":"Programy pro Z\u0160\/M\u0160"},"content":{"rendered":"\n<div class=\"wp-block-columns is-layout-flex wp-container-core-columns-is-layout-1 wp-block-columns-is-layout-flex\">\n<div class=\"wp-block-column is-layout-flow wp-block-column-is-layout-flow\"><div class=\"wp-block-image is-style-rounded\">\n<figure class=\"alignleft size-medium is-resized\"><a href=\"#ms\"><img loading=\"lazy\" decoding=\"async\" width=\"300\" height=\"237\" src=\"https:\/\/www.statekjirice.cz\/wp-content\/uploads\/2018\/07\/kelymanova_Ji\u0159ice-4-300x237.jpg\" alt=\"\" class=\"wp-image-38\" style=\"width:242px;height:191px\" srcset=\"https:\/\/www.statekjirice.cz\/wp-content\/uploads\/2018\/07\/kelymanova_Ji\u0159ice-4-300x237.jpg 300w, https:\/\/www.statekjirice.cz\/wp-content\/uploads\/2018\/07\/kelymanova_Ji\u0159ice-4-768x606.jpg 768w, https:\/\/www.statekjirice.cz\/wp-content\/uploads\/2018\/07\/kelymanova_Ji\u0159ice-4-80x63.jpg 80w, https:\/\/www.statekjirice.cz\/wp-content\/uploads\/2018\/07\/kelymanova_Ji\u0159ice-4.jpg 800w\" sizes=\"auto, (max-width: 300px) 100vw, 300px\" \/><\/a><figcaption class=\"wp-element-caption\"><strong><a class=\"rank-math-link\" href=\"#ms\">PROGRAMY PRO M\u0160<\/a><\/strong><\/figcaption><\/figure><\/div><\/div>\n\n\n\n<div class=\"wp-block-column is-layout-flow wp-block-column-is-layout-flow\"><div class=\"wp-block-image is-style-rounded\">\n<figure class=\"aligncenter size-medium is-resized\"><a href=\"#zs\"><img loading=\"lazy\" decoding=\"async\" width=\"300\" height=\"225\" src=\"https:\/\/www.statekjirice.cz\/wp-content\/uploads\/2021\/11\/cepy-300x225.jpg\" alt=\"Cepy\" class=\"wp-image-1806\" style=\"width:351px;height:263px\" srcset=\"https:\/\/www.statekjirice.cz\/wp-content\/uploads\/2021\/11\/cepy-300x225.jpg 300w, https:\/\/www.statekjirice.cz\/wp-content\/uploads\/2021\/11\/cepy-1024x768.jpg 1024w, https:\/\/www.statekjirice.cz\/wp-content\/uploads\/2021\/11\/cepy-768x576.jpg 768w, https:\/\/www.statekjirice.cz\/wp-content\/uploads\/2021\/11\/cepy.jpg 1440w\" sizes=\"auto, (max-width: 300px) 100vw, 300px\" \/><\/a><figcaption class=\"wp-element-caption\"><strong><a class=\"rank-math-link\" href=\"#zs\">PROGRAMY PRO Z\u0160<\/a><\/strong><\/figcaption><\/figure><\/div><\/div>\n<\/div>\n\n\n\n<h2 class=\"wp-block-heading\" id=\"ms\">Programy pro Mate\u0159sk\u00e9 \u0161koly<\/h2>\n\n\n\n<p>V&nbsp;r\u00e1mci programu d\u011bti mohou pozorovat pr\u00e1ci dosp\u011bl\u00fdch, ale tak\u00e9 se samy zapojit do r\u016fzn\u00fdch tradi\u010dn\u00edch \u010dinnost\u00ed &#8211; spole\u010dn\u011b p\u0159ipravuj\u00ed a pod\u00e1vaj\u00ed krmen\u00ed pro hospod\u00e1\u0159sk\u00e1 zv\u00ed\u0159ata, sb\u00edraj\u00ed vejce, p\u0159ihl\u00ed\u017e\u00ed dojen\u00ed ovc\u00ed, v\u00fdrob\u011b s\u00fdra, sklizni aktu\u00e1ln\u00edch plodin a jejich uskladn\u011bn\u00ed. Pozoruj\u00ed v&nbsp;chl\u00e9v\u011b hn\u00edzd\u00edc\u00ed vla\u0161tovky. V koln\u011b se sezn\u00e1m\u00ed se stroji a n\u00e1\u0159ad\u00edm, kter\u00e9 d\u0159\u00edve lidem pom\u00e1haly p\u0159i pr\u00e1ci na poli a s&nbsp;\u0159emesly, kter\u00e1 bylo t\u0159eba na statku ovl\u00e1dat.<\/p>\n\n\n<div class=\"wp-block-image\">\n<figure class=\"aligncenter size-medium\"><img loading=\"lazy\" decoding=\"async\" width=\"300\" height=\"265\" src=\"https:\/\/www.statekjirice.cz\/wp-content\/uploads\/2018\/07\/kelymanova_Ji\u0159ice-8-300x265.jpg\" alt=\"\" class=\"wp-image-42\" srcset=\"https:\/\/www.statekjirice.cz\/wp-content\/uploads\/2018\/07\/kelymanova_Ji\u0159ice-8-300x265.jpg 300w, https:\/\/www.statekjirice.cz\/wp-content\/uploads\/2018\/07\/kelymanova_Ji\u0159ice-8-768x679.jpg 768w, https:\/\/www.statekjirice.cz\/wp-content\/uploads\/2018\/07\/kelymanova_Ji\u0159ice-8-80x71.jpg 80w, https:\/\/www.statekjirice.cz\/wp-content\/uploads\/2018\/07\/kelymanova_Ji\u0159ice-8.jpg 800w\" sizes=\"auto, (max-width: 300px) 100vw, 300px\" \/><\/figure><\/div>\n\n\n<p>D\u011bti sleduj\u00ed nap\u0159\u00edklad ml\u00e1cen\u00ed cepy za doprovodu spole\u010dn\u00e9ho zp\u011bvu, kter\u00fd ur\u010duje rytmus pr\u00e1ce.&nbsp;Jsou p\u0159ipraveny i mal\u00e9 d\u011btsk\u00e9 cepy, se kter\u00fdmi si mohou pr\u00e1ci samy vyzkou\u0161et. V&nbsp;sadu a na pol\u00ed\u010dku pozn\u00e1vaj\u00ed a ochutn\u00e1vaj\u00ed r\u016fzn\u00e9 druhy p\u011bstovan\u00fdch plodin a ovoce.<\/p>\n\n\n\n<p>D\u00e9lka programu od 1,5 hodin a\u017e po celodenn\u00ed akce. Cena dohodou. Mo\u017enost financov\u00e1n\u00ed pomoc\u00ed program\u016f M\u0160MT (\u0160ablony &#8211; viz n\u00ed\u017ee).<\/p>\n\n\n\n<p>Doprava autobusem je mo\u017en\u00e1 na n\u00e1ves p\u0159ed statek.<\/p>\n\n\n\n<p><strong>\u0160ablony pro M\u0160<\/strong><\/p>\n\n\n\n<p>Projektov\u00fd den mimo \u0161kolu<br>Investi\u010dn\u00ed priorita:&nbsp; &nbsp; &nbsp;IP 1<br>Specifick\u00fd c\u00edl:&nbsp; &nbsp; &nbsp; &nbsp; &nbsp; &nbsp; &nbsp; SC 1 (02.3.68.1)<\/p>\n\n\n\n<h2 class=\"wp-block-heading\" id=\"zs\">Projektov\u00e9 dny pro Z\u0160<\/h2>\n\n\n\n<p>Statek nab\u00edz\u00ed projektov\u00e9 dny pro Z\u0160 zam\u011b\u0159en\u00e9 na sezn\u00e1men\u00ed d\u011bt\u00ed se \u017eivotem na statku. K tomu vedle p\u00e9\u010de o ovce, kr\u00e1l\u00edky a slepice pat\u0159\u00ed Cesta chleba, kde si d\u011bti zkus\u00ed vyml\u00e1tit obil\u00ed cel\u00e9m, seml\u00edt mouku, vypracovat t\u011bsto a up\u00e9ct vlastn\u00ed chleba. Mo\u017en\u00e9 domluvit i setk\u00e1n\u00ed s kov\u00e1\u0159em, vykovat si vlastn\u00ed v\u00fdrobek nebo vyzkou\u0161et pr\u00e1ci se d\u0159evem pod veden\u00edm truhl\u00e1\u0159e. Dal\u0161\u00ed mo\u017enost\u00ed je setk\u00e1n\u00ed se v\u010dela\u0159em.\u00a0<\/p>\n\n\n\n<p>D\u00e1le se d\u011bti mohou sezn\u00e1mit s okol\u00edm, kter\u00e9 je spojeno s Tycho Brahem, je\u017e zde pob\u00fdval a prov\u00e1d\u011bl zde sv\u00e1 pozorov\u00e1n\u00ed hv\u011bzdn\u00e9 oblohy.&nbsp;<\/p>\n\n\n\n<p>Pro objedn\u00e1n\u00ed t\u011bchto program\u016f n\u00e1s kontaktujte, konkr\u00e9tn\u00ed va\u0161e po\u017eadavky domluv\u00edme i s programem. Je mo\u017en\u00fd program na 1 den, nebo i na 2 dny s p\u0159esp\u00e1n\u00edm pod st\u0159echou nebo v t\u00fdp\u00ed pop\u0159. vlastn\u00edch stanech na zahrad\u011b.&nbsp;<\/p>\n\n\n<div class=\"wp-block-image\">\n<figure class=\"aligncenter size-medium\"><img loading=\"lazy\" decoding=\"async\" width=\"300\" height=\"300\" src=\"https:\/\/www.statekjirice.cz\/wp-content\/uploads\/2021\/11\/chlebanky-300x300.jpg\" alt=\"Tvarov\u00e1n\u00ed chleb\u00e1nk\u016f\" class=\"wp-image-1808\" srcset=\"https:\/\/www.statekjirice.cz\/wp-content\/uploads\/2021\/11\/chlebanky-300x300.jpg 300w, https:\/\/www.statekjirice.cz\/wp-content\/uploads\/2021\/11\/chlebanky-150x150.jpg 150w, https:\/\/www.statekjirice.cz\/wp-content\/uploads\/2021\/11\/chlebanky-768x768.jpg 768w, https:\/\/www.statekjirice.cz\/wp-content\/uploads\/2021\/11\/chlebanky.jpg 900w\" sizes=\"auto, (max-width: 300px) 100vw, 300px\" \/><\/figure><\/div>","protected":false},"excerpt":{"rendered":"<p>Programy pro Mate\u0159sk\u00e9 \u0161koly V&nbsp;r\u00e1mci programu d\u011bti mohou pozorovat pr\u00e1ci dosp\u011bl\u00fdch, ale tak\u00e9 se samy zapojit do r\u016fzn\u00fdch tradi\u010dn\u00edch \u010dinnost\u00ed &#8211; spole\u010dn\u011b p\u0159ipravuj\u00ed a pod\u00e1vaj\u00ed krmen\u00ed pro hospod\u00e1\u0159sk\u00e1 zv\u00ed\u0159ata, sb\u00edraj\u00ed vejce, p\u0159ihl\u00ed\u017e\u00ed dojen\u00ed ovc\u00ed, v\u00fdrob\u011b s\u00fdra, sklizni aktu\u00e1ln\u00edch plodin a jejich uskladn\u011bn\u00ed. Pozoruj\u00ed v&nbsp;chl\u00e9v\u011b hn\u00edzd\u00edc\u00ed vla\u0161tovky. V koln\u011b se sezn\u00e1m\u00ed [&hellip;]<\/p>\n","protected":false},"author":1,"featured_media":1812,"parent":0,"menu_order":0,"comment_status":"closed","ping_status":"closed","template":"","meta":{"ngg_post_thumbnail":0,"footnotes":""},"class_list":["post-58","page","type-page","status-publish","has-post-thumbnail","hentry"],"_links":{"self":[{"href":"https:\/\/www.statekjirice.cz\/index.php\/wp-json\/wp\/v2\/pages\/58","targetHints":{"allow":["GET"]}}],"collection":[{"href":"https:\/\/www.statekjirice.cz\/index.php\/wp-json\/wp\/v2\/pages"}],"about":[{"href":"https:\/\/www.statekjirice.cz\/index.php\/wp-json\/wp\/v2\/types\/page"}],"author":[{"embeddable":true,"href":"https:\/\/www.statekjirice.cz\/index.php\/wp-json\/wp\/v2\/users\/1"}],"replies":[{"embeddable":true,"href":"https:\/\/www.statekjirice.cz\/index.php\/wp-json\/wp\/v2\/comments?post=58"}],"version-history":[{"count":21,"href":"https:\/\/www.statekjirice.cz\/index.php\/wp-json\/wp\/v2\/pages\/58\/revisions"}],"predecessor-version":[{"id":2981,"href":"https:\/\/www.statekjirice.cz\/index.php\/wp-json\/wp\/v2\/pages\/58\/revisions\/2981"}],"wp:featuredmedia":[{"embeddable":true,"href":"https:\/\/www.statekjirice.cz\/index.php\/wp-json\/wp\/v2\/media\/1812"}],"wp:attachment":[{"href":"https:\/\/www.statekjirice.cz\/index.php\/wp-json\/wp\/v2\/media?parent=58"}],"curies":[{"name":"wp","href":"https:\/\/api.w.org\/{rel}","templated":true}]}}